{"id":1537,"date":"2024-03-25T23:02:55","date_gmt":"2024-03-25T22:02:55","guid":{"rendered":"https:\/\/irenefrank.de\/?page_id=1537"},"modified":"2024-03-26T00:03:34","modified_gmt":"2024-03-25T23:03:34","slug":"impressum","status":"publish","type":"page","link":"https:\/\/irenefrank.de\/?page_id=1537","title":{"rendered":"Impressum"},"content":{"rendered":"\n<p>Impressum f\u00fcr die Webseite <a href=\"https:\/\/irenefrank.de\/\">https:\/\/irenefrank.de\/<\/a>:<\/p>\n\n\n\n<p>Verantwortlich f\u00fcr den Inhalt gem\u00e4\u00df \u00a7 5 TMG:<\/p>\n\n\n\n<p>Irene Frank<br>Prignitzstr. 76<br>12683 Berlin<\/p>\n\n\n\n<p>Kontakt: E-Mail: coaching(at)irenefrank.de<\/p>\n\n\n\n<p>Umsatzsteuer-ID: Umsatzsteuer-Identifikationsnummer gem\u00e4\u00df \u00a727a Umsatzsteuergesetz:\u00a061 420 339 875<\/p>\n\n\n\n<p>Haftungshinweis: Trotz sorgf\u00e4ltiger inhaltlicher Kontrolle \u00fcbernehmen wir keine Haftung f\u00fcr die Inhalte externer Links. F\u00fcr den Inhalt der verlinkten Seiten sind ausschlie\u00dflich deren Betreiber verantwortlich.<\/p>\n\n\n\n<p>Design und Realisierung der Website: [Hier k\u00f6nnen Sie Informationen zum Design und zur Realisierung der Website angeben, falls zutreffend]<\/p>\n\n\n\n<p>Datenschutz: Informationen zum Datenschutz finden Sie in unserer <a href=\"https:\/\/irenefrank.de\/?page_id=3\" target=\"_blank\" rel=\"noreferrer noopener\">Datenschutzerkl\u00e4rung<\/a>.<\/p>\n\n\n\n<p>Dieses Impressum gilt auch f\u00fcr folgende Social-Media-Profile:&nbsp;<\/p>\n\n\n\n<p>Letzte Aktualisierung: M\u00e4rz 2024<\/p>\n","protected":false},"excerpt":{"rendered":"<p>Impressum f\u00fcr die Webseite https:\/\/irenefrank.de\/: Verantwortlich f\u00fcr den Inhalt gem\u00e4\u00df \u00a7 5 TMG: Irene FrankPrignitzstr. 7612683 Berlin Kontakt: E-Mail: coaching(at)irenefrank.de Umsatzsteuer-ID: Umsatzsteuer-Identifikationsnummer gem\u00e4\u00df \u00a727a Umsatzsteuergesetz:\u00a061 420 339 875 Haftungshinweis: Trotz sorgf\u00e4ltiger inhaltlicher Kontrolle \u00fcbernehmen wir keine Haftung f\u00fcr die Inhalte externer Links. F\u00fcr den Inhalt der verlinkten Seiten sind ausschlie\u00dflich deren Betreiber verantwortlich. Design und [&hellip;]<\/p>\n","protected":false},"author":2,"featured_media":0,"parent":0,"menu_order":0,"comment_status":"closed","ping_status":"closed","template":"","meta":{"_acf_changed":false,"_monsterinsights_skip_tracking":false,"_monsterinsights_sitenote_active":false,"_monsterinsights_sitenote_note":"","_monsterinsights_sitenote_category":0,"footnotes":""},"acf":[],"_links":{"self":[{"href":"https:\/\/irenefrank.de\/index.php?rest_route=\/wp\/v2\/pages\/1537"}],"collection":[{"href":"https:\/\/irenefrank.de\/index.php?rest_route=\/wp\/v2\/pages"}],"about":[{"href":"https:\/\/irenefrank.de\/index.php?rest_route=\/wp\/v2\/types\/page"}],"author":[{"embeddable":true,"href":"https:\/\/irenefrank.de\/index.php?rest_route=\/wp\/v2\/users\/2"}],"replies":[{"embeddable":true,"href":"https:\/\/irenefrank.de\/index.php?rest_route=%2Fwp%2Fv2%2Fcomments&post=1537"}],"version-history":[{"count":2,"href":"https:\/\/irenefrank.de\/index.php?rest_route=\/wp\/v2\/pages\/1537\/revisions"}],"predecessor-version":[{"id":1572,"href":"https:\/\/irenefrank.de\/index.php?rest_route=\/wp\/v2\/pages\/1537\/revisions\/1572"}],"wp:attachment":[{"href":"https:\/\/irenefrank.de\/index.php?rest_route=%2Fwp%2Fv2%2Fmedia&parent=1537"}],"curies":[{"name":"wp","href":"https:\/\/api.w.org\/{rel}","templated":true}]}}